{"id":2479,"date":"2026-04-20T13:42:02","date_gmt":"2026-04-20T17:42:02","guid":{"rendered":"https:\/\/monthlydignity.org\/?page_id=2479"},"modified":"2026-04-20T14:02:17","modified_gmt":"2026-04-20T18:02:17","slug":"events","status":"publish","type":"page","link":"https:\/\/monthlydignity.org\/fr\/events\/","title":{"rendered":"\u00c9v\u00e9nements"},"content":{"rendered":"<div data-elementor-type=\"wp-page\" data-elementor-id=\"2479\" class=\"elementor elementor-2479\" data-elementor-post-type=\"page\">\n\t\t\t\t<div class=\"elementor-element elementor-element-2785e36 e-flex e-con-boxed e-con e-parent\" data-id=\"2785e36\" data-element_type=\"container\" data-e-type=\"container\">\n\t\t\t\t\t<div class=\"e-con-inner\">\n\t\t<div class=\"elementor-element elementor-element-1fd5569 e-con-full e-flex e-con e-child\" data-id=\"1fd5569\" data-element_type=\"container\" data-e-type=\"container\">\n\t\t\t\t<div class=\"elementor-element elementor-element-20ca91c elementor-widget elementor-widget-heading\" data-id=\"20ca91c\" data-element_type=\"widget\" data-e-type=\"widget\" data-widget_type=\"heading.default\">\n\t\t\t\t<div class=\"elementor-widget-container\">\n\t\t\t\t\t<h2 class=\"elementor-heading-title elementor-size-default\">Restez connect\u00e9<\/h2>\t\t\t\t<\/div>\n\t\t\t\t<\/div>\n\t\t\t\t<div class=\"elementor-element elementor-element-2bd13f2 elementor-widget elementor-widget-text-editor\" data-id=\"2bd13f2\" data-element_type=\"widget\" data-e-type=\"widget\" data-widget_type=\"text-editor.default\">\n\t\t\t\t<div class=\"elementor-widget-container\">\n\t\t\t\t\t\t\t\t\t<p>Ateliers \u00e9ducatifs, initiatives de sensibilisation, collecte de fonds ou encore \u00e9v\u00e9nements de plaidoyer, vous trouverez ici toutes les activit\u00e9s organis\u00e9es par Monthly Dignity. Que nous soyons organisateurs ou participants, chaque \u00e9v\u00e9nement est l\u2019occasion d\u2019apprendre, de tisser des liens et de passer \u00e0 l\u2019action pour promouvoir l\u2019\u00e9quit\u00e9 menstruelle.<\/p>\t\t\t\t\t\t\t\t<\/div>\n\t\t\t\t<\/div>\n\t\t\t\t<div class=\"elementor-element elementor-element-affb4d2 elementor-widget elementor-widget-button\" data-id=\"affb4d2\" data-element_type=\"widget\" data-e-type=\"widget\" data-widget_type=\"button.default\">\n\t\t\t\t<div class=\"elementor-widget-container\">\n\t\t\t\t\t\t\t\t\t<div class=\"elementor-button-wrapper\">\n\t\t\t\t\t<a class=\"elementor-button elementor-button-link elementor-size-sm\" href=\"https:\/\/monthlydignity.org\/fr\/calendar\/\">\n\t\t\t\t\t\t<span class=\"elementor-button-content-wrapper\">\n\t\t\t\t\t\t\t\t\t<span class=\"elementor-button-text\">Calendrier <\/span>\n\t\t\t\t\t<\/span>\n\t\t\t\t\t<\/a>\n\t\t\t\t<\/div>\n\t\t\t\t\t\t\t\t<\/div>\n\t\t\t\t<\/div>\n\t\t\t\t<\/div>\n\t\t<div class=\"elementor-element elementor-element-fa00c09 e-con-full e-flex e-con e-child\" data-id=\"fa00c09\" data-element_type=\"container\" data-e-type=\"container\">\n\t\t\t\t<div class=\"elementor-element elementor-element-8107857 elementor-widget elementor-widget-image\" data-id=\"8107857\" data-element_type=\"widget\" data-e-type=\"widget\" data-widget_type=\"image.default\">\n\t\t\t\t<div class=\"elementor-widget-container\">\n\t\t\t\t\t\t\t\t\t\t\t\t\t\t\t<img decoding=\"async\" src=\"https:\/\/monthlydignity.org\/wp-content\/uploads\/elementor\/thumbs\/MAH3832-Enhanced-NR-scaled-rmannxc6rz04x5o5a75og4l8ndmarpp57uft2h117c.jpg\" title=\"_MAH3832-Enhanced-NR\" alt=\"_MAH3832-Enhanced-NR\" loading=\"lazy\" \/>\t\t\t\t\t\t\t\t\t\t\t\t\t\t\t<\/div>\n\t\t\t\t<\/div>\n\t\t\t\t<\/div>\n\t\t\t\t\t<\/div>\n\t\t\t\t<\/div>\n\t\t<div class=\"elementor-element elementor-element-0854123 e-flex e-con-boxed e-con e-parent\" data-id=\"0854123\" data-element_type=\"container\" data-e-type=\"container\">\n\t\t\t\t\t<div class=\"e-con-inner\">\n\t\t\t\t<div class=\"elementor-element elementor-element-97ad5bd elementor-grid-3 elementor-grid-tablet-2 elementor-grid-mobile-1 elementor-posts--thumbnail-top elementor-widget elementor-widget-posts\" data-id=\"97ad5bd\" data-element_type=\"widget\" data-e-type=\"widget\" data-settings=\"{&quot;classic_columns&quot;:&quot;3&quot;,&quot;classic_columns_tablet&quot;:&quot;2&quot;,&quot;classic_columns_mobile&quot;:&quot;1&quot;,&quot;classic_row_gap&quot;:{&quot;unit&quot;:&quot;px&quot;,&quot;size&quot;:35,&quot;sizes&quot;:[]},&quot;classic_row_gap_tablet&quot;:{&quot;unit&quot;:&quot;px&quot;,&quot;size&quot;:&quot;&quot;,&quot;sizes&quot;:[]},&quot;classic_row_gap_mobile&quot;:{&quot;unit&quot;:&quot;px&quot;,&quot;size&quot;:&quot;&quot;,&quot;sizes&quot;:[]}}\" data-widget_type=\"posts.classic\">\n\t\t\t\t<div class=\"elementor-widget-container\">\n\t\t\t\t\t\t\t<div class=\"elementor-posts-container elementor-posts elementor-posts--skin-classic elementor-grid\" role=\"list\">\n\t\t\t\t<article class=\"elementor-post elementor-grid-item post-2489 tribe_events type-tribe_events status-publish has-post-thumbnail hentry\" role=\"listitem\">\n\t\t\t\t<a class=\"elementor-post__thumbnail__link\" href=\"https:\/\/monthlydignity.org\/fr\/calendar\/annual-gala\/\" tabindex=\"-1\" >\n\t\t\t<div class=\"elementor-post__thumbnail\"><img fetchpriority=\"high\" decoding=\"async\" width=\"300\" height=\"300\" src=\"https:\/\/monthlydignity.org\/wp-content\/uploads\/2026\/04\/GALA-MD-2026-carre-VF-300x300.png\" class=\"attachment-medium size-medium wp-image-2490\" alt=\"\" srcset=\"https:\/\/monthlydignity.org\/wp-content\/uploads\/2026\/04\/GALA-MD-2026-carre-VF-300x300.png 300w, https:\/\/monthlydignity.org\/wp-content\/uploads\/2026\/04\/GALA-MD-2026-carre-VF-1024x1024.png 1024w, https:\/\/monthlydignity.org\/wp-content\/uploads\/2026\/04\/GALA-MD-2026-carre-VF-150x150.png 150w, https:\/\/monthlydignity.org\/wp-content\/uploads\/2026\/04\/GALA-MD-2026-carre-VF-768x768.png 768w, https:\/\/monthlydignity.org\/wp-content\/uploads\/2026\/04\/GALA-MD-2026-carre-VF-12x12.png 12w, https:\/\/monthlydignity.org\/wp-content\/uploads\/2026\/04\/GALA-MD-2026-carre-VF.png 1080w\" sizes=\"(max-width: 300px) 100vw, 300px\" \/><\/div>\n\t\t<\/a>\n\t\t\t\t<div class=\"elementor-post__text\">\n\t\t\t\t<h3 class=\"elementor-post__title\">\n\t\t\t<a href=\"https:\/\/monthlydignity.org\/fr\/calendar\/annual-gala\/\" >\n\t\t\t\tGala Annuel\t\t\t<\/a>\n\t\t<\/h3>\n\t\t\t\t<div class=\"elementor-post__excerpt\">\n\t\t\t<p>Gala annuel pour l'\u00e9quit\u00e9 menstruelle ! Rejoignez-nous pour une soir\u00e9e inoubliable \u00e0 l'occasion de la Journ\u00e9e de la sant\u00e9 menstruelle ! Chaque ann\u00e9e, notre gala annuel rassemble notre communaut\u00e9 pour r\u00e9fl\u00e9chir \u00e0 la<\/p>\n\t\t<\/div>\n\t\t\n\t\t<a class=\"elementor-post__read-more\" href=\"https:\/\/monthlydignity.org\/fr\/calendar\/annual-gala\/\" aria-label=\"Read more about Annual Gala\" tabindex=\"-1\" >\n\t\t\tLire la suite \u00bb\t\t<\/a>\n\n\t\t\t\t<\/div>\n\t\t\t\t<\/article>\n\t\t\t\t<\/div>\n\t\t\n\t\t\t\t\t\t<\/div>\n\t\t\t\t<\/div>\n\t\t\t\t\t<\/div>\n\t\t\t\t<\/div>\n\t\t\t\t<\/div>","protected":false},"excerpt":{"rendered":"<p>Stay Connected From educational workshops and awareness-raising initiatives to fundraisers and advocacy events, you\u2019ll find all the activities organized by Monthly Dignity right here. Whether we\u2019re organizers or participants, every [&hellip;]<\/p>\n","protected":false},"author":13,"featured_media":0,"parent":0,"menu_order":0,"comment_status":"closed","ping_status":"closed","template":"","meta":{"footnotes":""},"class_list":["post-2479","page","type-page","status-publish","hentry"],"jetpack_sharing_enabled":true,"_links":{"self":[{"href":"https:\/\/monthlydignity.org\/fr\/wp-json\/wp\/v2\/pages\/2479","targetHints":{"allow":["GET"]}}],"collection":[{"href":"https:\/\/monthlydignity.org\/fr\/wp-json\/wp\/v2\/pages"}],"about":[{"href":"https:\/\/monthlydignity.org\/fr\/wp-json\/wp\/v2\/types\/page"}],"author":[{"embeddable":true,"href":"https:\/\/monthlydignity.org\/fr\/wp-json\/wp\/v2\/users\/13"}],"replies":[{"embeddable":true,"href":"https:\/\/monthlydignity.org\/fr\/wp-json\/wp\/v2\/comments?post=2479"}],"version-history":[{"count":25,"href":"https:\/\/monthlydignity.org\/fr\/wp-json\/wp\/v2\/pages\/2479\/revisions"}],"predecessor-version":[{"id":2548,"href":"https:\/\/monthlydignity.org\/fr\/wp-json\/wp\/v2\/pages\/2479\/revisions\/2548"}],"wp:attachment":[{"href":"https:\/\/monthlydignity.org\/fr\/wp-json\/wp\/v2\/media?parent=2479"}],"curies":[{"name":"wp","href":"https:\/\/api.w.org\/{rel}","templated":true}]}}