{"id":189,"date":"2024-05-07T14:48:12","date_gmt":"2024-05-07T14:48:12","guid":{"rendered":"https:\/\/monthlydignity.org\/?page_id=189"},"modified":"2025-08-09T09:45:01","modified_gmt":"2025-08-09T13:45:01","slug":"donate","status":"publish","type":"page","link":"https:\/\/monthlydignity.org\/fr\/donate\/","title":{"rendered":"Faire un don"},"content":{"rendered":"<div data-elementor-type=\"wp-page\" data-elementor-id=\"189\" class=\"elementor elementor-189\" data-elementor-post-type=\"page\">\n\t\t\t\t<div class=\"elementor-element elementor-element-4ac7b92 container-spacing e-flex e-con-boxed e-con e-parent\" data-id=\"4ac7b92\" data-element_type=\"container\" data-e-type=\"container\">\n\t\t\t\t\t<div class=\"e-con-inner\">\n\t\t<div class=\"elementor-element elementor-element-25e064c e-con-full e-flex e-con e-child\" data-id=\"25e064c\" data-element_type=\"container\" data-e-type=\"container\">\n\t\t\t\t<div class=\"elementor-element elementor-element-d430957 elementor-widget elementor-widget-heading\" data-id=\"d430957\" data-element_type=\"widget\" data-e-type=\"widget\" data-widget_type=\"heading.default\">\n\t\t\t\t<div class=\"elementor-widget-container\">\n\t\t\t\t\t<h2 class=\"elementor-heading-title elementor-size-default\">Faites un don pour combattre la pr\u00e9carit\u00e9 menstruelle<\/h2>\t\t\t\t<\/div>\n\t\t\t\t<\/div>\n\t\t\t\t<div class=\"elementor-element elementor-element-8ed5220 elementor-widget elementor-widget-text-editor\" data-id=\"8ed5220\" data-element_type=\"widget\" data-e-type=\"widget\" data-widget_type=\"text-editor.default\">\n\t\t\t\t<div class=\"elementor-widget-container\">\n\t\t\t\t\t\t\t\t\t<p>L\u2019\u00e9quit\u00e9 menstruelle va bien au-del\u00e0 des produits \u2014 elle concerne l\u2019autonomisation, le respect et les possibilit\u00e9s offertes \u00e0 tou\u00b7te\u00b7s. Votre soutien contribue \u00e0 ce que les personnes de notre communaut\u00e9 aient un acc\u00e8s fiable aux produits menstruels, des informations claires sur leur sant\u00e9 et la confiance n\u00e9cessaire pour s\u2019exprimer contre la stigmatisation. Ensemble, nous pouvons faire en sorte que chacun\u00b7e dispose des ressources, des connaissances et de l\u2019accompagnement dont iel a besoin.<\/p>\t\t\t\t\t\t\t\t<\/div>\n\t\t\t\t<\/div>\n\t\t\t\t<\/div>\n\t\t<div class=\"elementor-element elementor-element-63982a8 e-con-full e-flex e-con e-child\" data-id=\"63982a8\" data-element_type=\"container\" data-e-type=\"container\">\n\t\t\t\t<div class=\"elementor-element elementor-element-cbc514b elementor-widget elementor-widget-image\" data-id=\"cbc514b\" data-element_type=\"widget\" data-e-type=\"widget\" data-widget_type=\"image.default\">\n\t\t\t\t<div class=\"elementor-widget-container\">\n\t\t\t\t\t\t\t\t\t\t\t\t\t\t\t<img fetchpriority=\"high\" decoding=\"async\" width=\"800\" height=\"538\" src=\"https:\/\/monthlydignity.org\/wp-content\/uploads\/2024\/06\/MD-Team-with-donations-Clara-Hayley-Rosalie-1024x688.jpg\" class=\"attachment-large size-large wp-image-469\" alt=\"\" srcset=\"https:\/\/monthlydignity.org\/wp-content\/uploads\/2024\/06\/MD-Team-with-donations-Clara-Hayley-Rosalie-1024x688.jpg 1024w, https:\/\/monthlydignity.org\/wp-content\/uploads\/2024\/06\/MD-Team-with-donations-Clara-Hayley-Rosalie-300x202.jpg 300w, https:\/\/monthlydignity.org\/wp-content\/uploads\/2024\/06\/MD-Team-with-donations-Clara-Hayley-Rosalie-768x516.jpg 768w, https:\/\/monthlydignity.org\/wp-content\/uploads\/2024\/06\/MD-Team-with-donations-Clara-Hayley-Rosalie-1536x1032.jpg 1536w, https:\/\/monthlydignity.org\/wp-content\/uploads\/2024\/06\/MD-Team-with-donations-Clara-Hayley-Rosalie-2048x1376.jpg 2048w\" sizes=\"(max-width: 800px) 100vw, 800px\" \/>\t\t\t\t\t\t\t\t\t\t\t\t\t\t\t<\/div>\n\t\t\t\t<\/div>\n\t\t\t\t<\/div>\n\t\t\t\t\t<\/div>\n\t\t\t\t<\/div>\n\t\t<div class=\"elementor-element elementor-element-b67e4df e-flex e-con-boxed e-con e-parent\" data-id=\"b67e4df\" data-element_type=\"container\" data-e-type=\"container\" data-settings=\"{&quot;background_background&quot;:&quot;classic&quot;}\">\n\t\t\t\t\t<div class=\"e-con-inner\">\n\t\t<div class=\"elementor-element elementor-element-01bdd0f e-con-full e-flex e-con e-child\" data-id=\"01bdd0f\" data-element_type=\"container\" data-e-type=\"container\">\n\t\t\t\t<div class=\"elementor-element elementor-element-afa34df elementor-widget elementor-widget-html\" data-id=\"afa34df\" data-element_type=\"widget\" data-e-type=\"widget\" data-no-translation=\"\" data-widget_type=\"html.default\">\n\t\t\t\t<div class=\"elementor-widget-container\">\n\t\t\t\t\t<style>.elementor-element-afa34df{display:none !important}<\/style>\t\t\t\t<\/div>\n\t\t\t\t<\/div>\n\t\t\t\t<div class=\"elementor-element elementor-element-85226c7 elementor-widget elementor-widget-html\" data-id=\"85226c7\" data-element_type=\"widget\" data-e-type=\"widget\" data-no-translation=\"\" data-widget_type=\"html.default\">\n\t\t\t\t<div class=\"elementor-widget-container\">\n\t\t\t\t\t<div class=\"keela-embed-form\" data-src=\"https:\/\/give-can.keela.co\/embed\/dxuX4adueuaqzx2NJ\">\n    <div class=\"keela-loading\"><div><\/div><div><\/div><div><\/div><div><\/div><\/div>\n<\/div>\t\t\t\t<\/div>\n\t\t\t\t<\/div>\n\t\t\t\t<\/div>\n\t\t<div class=\"elementor-element elementor-element-71f4f9b e-con-full e-flex e-con e-child\" data-id=\"71f4f9b\" data-element_type=\"container\" data-e-type=\"container\">\n\t\t\t\t<div class=\"elementor-element elementor-element-8d8b91f elementor-widget elementor-widget-text-editor\" data-id=\"8d8b91f\" data-element_type=\"widget\" data-e-type=\"widget\" data-widget_type=\"text-editor.default\">\n\t\t\t\t<div class=\"elementor-widget-container\">\n\t\t\t\t\t\t\t\t\t<h2 data-start=\"163\" data-end=\"444\"><strong data-start=\"163\" data-end=\"203\">Soutenez l'\u00e9quit\u00e9 menstruelle \u00e0 Montr\u00e9al<\/strong><\/h2><p data-start=\"163\" data-end=\"444\">Votre don nous aide \u00e0\u202f:<\/p><ul data-start=\"472\" data-end=\"786\"><li class=\"\" data-start=\"472\" data-end=\"545\"><p class=\"\" data-start=\"474\" data-end=\"545\">Distribuer gratuitement des produits menstruels aux personnes et aux organismes communautaires dans la grande r\u00e9gion de Montr\u00e9al<\/p><\/li><li class=\"\" data-start=\"472\" data-end=\"545\"><p class=\"\" data-start=\"474\" data-end=\"545\">Offrir des ateliers dynamiques et fond\u00e9s sur des donn\u00e9es probantes sur la sant\u00e9 menstruelle dans les \u00e9coles, les refuges et les espaces communautaires<\/p><\/li><li class=\"\" data-start=\"472\" data-end=\"545\"><p class=\"\" data-start=\"474\" data-end=\"545\">Cr\u00e9er des ressources \u00e9ducatives accessibles en ligne, y compris des articles, des guides et du contenu sur les m\u00e9dias sociaux<\/p><\/li><li class=\"\" data-start=\"472\" data-end=\"545\"><p class=\"\" data-start=\"474\" data-end=\"545\">Organiser des \u00e9v\u00e9nements publics pour sensibiliser, combattre la stigmatisation et renforcer le soutien communautaire<\/p><\/li><li class=\"\" data-start=\"472\" data-end=\"545\"><p class=\"\" data-start=\"474\" data-end=\"545\">D\u00e9fendre des politiques qui am\u00e9liorent l\u2019acc\u00e8s aux produits menstruels et font progresser l\u2019\u00e9quit\u00e9 menstruelle<\/p><\/li><\/ul><p class=\"\" data-start=\"474\" data-end=\"545\"><strong data-start=\"788\" data-end=\"831\">Merci de faire partie du changement\u202f!<\/strong><\/p>\t\t\t\t\t\t\t\t<\/div>\n\t\t\t\t<\/div>\n\t\t\t\t<\/div>\n\t\t\t\t\t<\/div>\n\t\t\t\t<\/div>\n\t\t<div class=\"elementor-element elementor-element-834ea2e container-spacing e-flex e-con-boxed e-con e-parent\" data-id=\"834ea2e\" data-element_type=\"container\" data-e-type=\"container\" data-settings=\"{&quot;background_background&quot;:&quot;classic&quot;}\">\n\t\t\t\t\t<div class=\"e-con-inner\">\n\t\t<div class=\"elementor-element elementor-element-3b48680 e-con-full e-flex e-con e-child\" data-id=\"3b48680\" data-element_type=\"container\" data-e-type=\"container\">\n\t\t<div class=\"elementor-element elementor-element-5ead9c8 e-con-full e-flex e-con e-child\" data-id=\"5ead9c8\" data-element_type=\"container\" data-e-type=\"container\">\n\t\t<div class=\"elementor-element elementor-element-8cc535d e-con-full e-flex e-con e-child\" data-id=\"8cc535d\" data-element_type=\"container\" data-e-type=\"container\">\n\t\t\t\t<div class=\"elementor-element elementor-element-3647e9c elementor-widget elementor-widget-heading\" data-id=\"3647e9c\" data-element_type=\"widget\" data-e-type=\"widget\" data-widget_type=\"heading.default\">\n\t\t\t\t<div class=\"elementor-widget-container\">\n\t\t\t\t\t<h2 class=\"elementor-heading-title elementor-size-default\">Points de d\u00e9p\u00f4t<\/h2>\t\t\t\t<\/div>\n\t\t\t\t<\/div>\n\t\t\t\t<div class=\"elementor-element elementor-element-4b96b3e elementor-widget elementor-widget-image\" data-id=\"4b96b3e\" data-element_type=\"widget\" data-e-type=\"widget\" data-widget_type=\"image.default\">\n\t\t\t\t<div class=\"elementor-widget-container\">\n\t\t\t\t\t\t\t\t\t\t\t\t\t\t\t<img decoding=\"async\" width=\"2560\" height=\"1604\" src=\"https:\/\/monthlydignity.org\/wp-content\/uploads\/2024\/07\/Donation-drop-off-point-LOCO-CROPPED-scaled.jpg\" class=\"attachment-full size-full wp-image-918\" alt=\"\" srcset=\"https:\/\/monthlydignity.org\/wp-content\/uploads\/2024\/07\/Donation-drop-off-point-LOCO-CROPPED-scaled.jpg 2560w, https:\/\/monthlydignity.org\/wp-content\/uploads\/2024\/07\/Donation-drop-off-point-LOCO-CROPPED-300x188.jpg 300w, https:\/\/monthlydignity.org\/wp-content\/uploads\/2024\/07\/Donation-drop-off-point-LOCO-CROPPED-1024x641.jpg 1024w, https:\/\/monthlydignity.org\/wp-content\/uploads\/2024\/07\/Donation-drop-off-point-LOCO-CROPPED-768x481.jpg 768w, https:\/\/monthlydignity.org\/wp-content\/uploads\/2024\/07\/Donation-drop-off-point-LOCO-CROPPED-1536x962.jpg 1536w, https:\/\/monthlydignity.org\/wp-content\/uploads\/2024\/07\/Donation-drop-off-point-LOCO-CROPPED-2048x1283.jpg 2048w, https:\/\/monthlydignity.org\/wp-content\/uploads\/2024\/07\/Donation-drop-off-point-LOCO-CROPPED-18x12.jpg 18w\" sizes=\"(max-width: 2560px) 100vw, 2560px\" \/>\t\t\t\t\t\t\t\t\t\t\t\t\t\t\t<\/div>\n\t\t\t\t<\/div>\n\t\t\t\t<div class=\"elementor-element elementor-element-b00f9d9 elementor-widget elementor-widget-heading\" data-id=\"b00f9d9\" data-element_type=\"widget\" data-e-type=\"widget\" data-widget_type=\"heading.default\">\n\t\t\t\t<div class=\"elementor-widget-container\">\n\t\t\t\t\t<h2 class=\"elementor-heading-title elementor-size-default\"><a href=\"https:\/\/www.epicerieloco.ca\/\">\u00c9picerie LOCO \u2197<\/a><\/h2>\t\t\t\t<\/div>\n\t\t\t\t<\/div>\n\t\t\t\t<div class=\"elementor-element elementor-element-36f78d9 elementor-widget elementor-widget-text-editor\" data-id=\"36f78d9\" data-element_type=\"widget\" data-e-type=\"widget\" data-widget_type=\"text-editor.default\">\n\t\t\t\t<div class=\"elementor-widget-container\">\n\t\t\t\t\t\t\t\t\t<p><strong>Villeray:<\/strong> 422 Jarry Est,<br \/>Montr\u00e9al, H2P 1V3<\/p>\t\t\t\t\t\t\t\t<\/div>\n\t\t\t\t<\/div>\n\t\t\t\t<div class=\"elementor-element elementor-element-5d9219b elementor-widget elementor-widget-text-editor\" data-id=\"5d9219b\" data-element_type=\"widget\" data-e-type=\"widget\" data-widget_type=\"text-editor.default\">\n\t\t\t\t<div class=\"elementor-widget-container\">\n\t\t\t\t\t\t\t\t\t<p><strong>Verdun:<\/strong> 4437 rue Wellington, <br \/>Montr\u00e9al, H4G 1W6<\/p>\t\t\t\t\t\t\t\t<\/div>\n\t\t\t\t<\/div>\n\t\t\t\t<div class=\"elementor-element elementor-element-619a541 elementor-widget elementor-widget-text-editor\" data-id=\"619a541\" data-element_type=\"widget\" data-e-type=\"widget\" data-widget_type=\"text-editor.default\">\n\t\t\t\t<div class=\"elementor-widget-container\">\n\t\t\t\t\t\t\t\t\t<p><strong>Plateau:<\/strong> 368 ave du Mont-Royal Est, <br \/>Montr\u00e9al, H2T 1P9<\/p>\t\t\t\t\t\t\t\t<\/div>\n\t\t\t\t<\/div>\n\t\t\t\t<\/div>\n\t\t\t\t<div class=\"elementor-element elementor-element-e35209b elementor-widget elementor-widget-heading\" data-id=\"e35209b\" data-element_type=\"widget\" data-e-type=\"widget\" data-widget_type=\"heading.default\">\n\t\t\t\t<div class=\"elementor-widget-container\">\n\t\t\t\t\t<h2 class=\"elementor-heading-title elementor-size-default\"><a href=\"https:\/\/vracetbocaux.ca\/\">Vrac &amp; Bocaux \u2197<\/a><\/h2>\t\t\t\t<\/div>\n\t\t\t\t<\/div>\n\t\t\t\t<div class=\"elementor-element elementor-element-5e164fb elementor-widget elementor-widget-text-editor\" data-id=\"5e164fb\" data-element_type=\"widget\" data-e-type=\"widget\" data-widget_type=\"text-editor.default\">\n\t\t\t\t<div class=\"elementor-widget-container\">\n\t\t\t\t\t\t\t\t\t<p><b>Rosemont:<\/b> 6698 Av Christophe Colomb,<br \/>Montr\u00e9al, QC, H2S 2G8<\/p>\t\t\t\t\t\t\t\t<\/div>\n\t\t\t\t<\/div>\n\t\t\t\t<\/div>\n\t\t\t\t<\/div>\n\t\t<div class=\"elementor-element elementor-element-83525fa e-con-full e-flex e-con e-child\" data-id=\"83525fa\" data-element_type=\"container\" data-e-type=\"container\">\n\t\t\t\t<div class=\"elementor-element elementor-element-5de9ec6 elementor-widget elementor-widget-heading\" data-id=\"5de9ec6\" data-element_type=\"widget\" data-e-type=\"widget\" data-widget_type=\"heading.default\">\n\t\t\t\t<div class=\"elementor-widget-container\">\n\t\t\t\t\t<h2 class=\"elementor-heading-title elementor-size-default\">Donner des produits<\/h2>\t\t\t\t<\/div>\n\t\t\t\t<\/div>\n\t\t\t\t<div class=\"elementor-element elementor-element-3ed9c3c elementor-widget elementor-widget-text-editor\" data-id=\"3ed9c3c\" data-element_type=\"widget\" data-e-type=\"widget\" data-widget_type=\"text-editor.default\">\n\t\t\t\t<div class=\"elementor-widget-container\">\n\t\t\t\t\t\t\t\t\t<p>Faire don de produits menstruels est une fa\u00e7on simple et concr\u00e8te de soutenir votre communaut\u00e9 et de promouvoir l\u2019\u00e9quit\u00e9 menstruelle. Nous avons \u00e9tabli des partenariats avec deux \u00e9piceries z\u00e9ro d\u00e9chet \u2014 LOCO et Vrac &amp; Bocaux \u2014 qui acceptent de plus petites quantit\u00e9s de dons en notre nom.<\/p><p><em>Pour des dons plus importants ou si vous souhaitez organiser une collecte, veuillez nous contacter directement.<\/em><\/p>\t\t\t\t\t\t\t\t<\/div>\n\t\t\t\t<\/div>\n\t\t\t\t<div class=\"elementor-element elementor-element-a9d2379 elementor-widget elementor-widget-heading\" data-id=\"a9d2379\" data-element_type=\"widget\" data-e-type=\"widget\" data-widget_type=\"heading.default\">\n\t\t\t\t<div class=\"elementor-widget-container\">\n\t\t\t\t\t<h2 class=\"elementor-heading-title elementor-size-default\">Nous acceptons<\/h2>\t\t\t\t<\/div>\n\t\t\t\t<\/div>\n\t\t\t\t<div class=\"elementor-element elementor-element-345ff14 elementor-widget elementor-widget-text-editor\" data-id=\"345ff14\" data-element_type=\"widget\" data-e-type=\"widget\" data-widget_type=\"text-editor.default\">\n\t\t\t\t<div class=\"elementor-widget-container\">\n\t\t\t\t\t\t\t\t\t<ul><li data-start=\"675\" data-end=\"761\"><p data-start=\"677\" data-end=\"761\">Les bo\u00eetes ou paquets (ferm\u00e9s ou ouverts) de produits menstruels \u00e0 usage unique (serviettes, tampons, prot\u00e8ge-dessous)<\/p><\/li><li data-start=\"762\" data-end=\"857\"><p data-start=\"764\" data-end=\"857\">Les produits menstruels r\u00e9utilisables neufs (coupes menstruelles, disques, serviettes lavables, sous-v\u00eatements menstruels)<\/p><\/li><\/ul>\t\t\t\t\t\t\t\t<\/div>\n\t\t\t\t<\/div>\n\t\t\t\t<div class=\"elementor-element elementor-element-1fa2d70 elementor-widget elementor-widget-heading\" data-id=\"1fa2d70\" data-element_type=\"widget\" data-e-type=\"widget\" data-widget_type=\"heading.default\">\n\t\t\t\t<div class=\"elementor-widget-container\">\n\t\t\t\t\t<h2 class=\"elementor-heading-title elementor-size-default\">Nous n'acceptons pas<\/h2>\t\t\t\t<\/div>\n\t\t\t\t<\/div>\n\t\t\t\t<div class=\"elementor-element elementor-element-26e3161 elementor-widget elementor-widget-text-editor\" data-id=\"26e3161\" data-element_type=\"widget\" data-e-type=\"widget\" data-widget_type=\"text-editor.default\">\n\t\t\t\t<div class=\"elementor-widget-container\">\n\t\t\t\t\t\t\t\t\t<ul><li data-start=\"1032\" data-end=\"1069\"><p>Les produits \u00e0 usage unique dont l\u2019emballage individuel est ouvert (les bo\u00eetes ouvertes sont accept\u00e9es)<\/p><\/li><li data-start=\"1032\" data-end=\"1069\"><p>Les produits r\u00e9utilisables qui ont \u00e9t\u00e9 port\u00e9s ou utilis\u00e9s, m\u00eame s\u2019ils ont \u00e9t\u00e9 st\u00e9rilis\u00e9s<\/p><\/li><li data-start=\"1032\" data-end=\"1069\">Les articles qui ne sont pas li\u00e9s aux menstruations<\/li><\/ul>\t\t\t\t\t\t\t\t<\/div>\n\t\t\t\t<\/div>\n\t\t\t\t<\/div>\n\t\t\t\t\t<\/div>\n\t\t\t\t<\/div>\n\t\t<div class=\"elementor-element elementor-element-907dbdb container-spacing e-flex e-con-boxed e-con e-parent\" data-id=\"907dbdb\" data-element_type=\"container\" data-e-type=\"container\" data-settings=\"{&quot;background_background&quot;:&quot;classic&quot;}\">\n\t\t\t\t\t<div class=\"e-con-inner\">\n\t\t<div class=\"elementor-element elementor-element-d47e944 e-con-full e-flex e-con e-child\" data-id=\"d47e944\" data-element_type=\"container\" data-e-type=\"container\" data-settings=\"{&quot;background_background&quot;:&quot;classic&quot;}\">\n\t\t<div class=\"elementor-element elementor-element-86f68b4 e-con-full e-flex e-con e-child\" data-id=\"86f68b4\" data-element_type=\"container\" data-e-type=\"container\">\n\t\t<div class=\"elementor-element elementor-element-8c68f05 e-con-full e-flex e-con e-child\" data-id=\"8c68f05\" data-element_type=\"container\" data-e-type=\"container\">\n\t\t\t\t<\/div>\n\t\t\t\t<\/div>\n\t\t\t\t<\/div>\n\t\t<div class=\"elementor-element elementor-element-46513c3 e-con-full e-flex e-con e-child\" data-id=\"46513c3\" data-element_type=\"container\" data-e-type=\"container\">\n\t\t\t\t<div class=\"elementor-element elementor-element-265f24f elementor-widget elementor-widget-heading\" data-id=\"265f24f\" data-element_type=\"widget\" data-e-type=\"widget\" data-widget_type=\"heading.default\">\n\t\t\t\t<div class=\"elementor-widget-container\">\n\t\t\t\t\t<h2 class=\"elementor-heading-title elementor-size-default\">Dons d\u2019entreprise<\/h2>\t\t\t\t<\/div>\n\t\t\t\t<\/div>\n\t\t\t\t<div class=\"elementor-element elementor-element-0eac5e1 elementor-widget elementor-widget-text-editor\" data-id=\"0eac5e1\" data-element_type=\"widget\" data-e-type=\"widget\" data-widget_type=\"text-editor.default\">\n\t\t\t\t<div class=\"elementor-widget-container\">\n\t\t\t\t\t\t\t\t\t<p data-start=\"253\" data-end=\"355\"><strong data-start=\"253\" data-end=\"353\">Vous cherchez une fa\u00e7on significative pour votre entreprise ou votre groupe de soutenir le mouvement pour l\u2019\u00e9quit\u00e9 menstruelle?<\/strong><\/p>\t\t\t\t\t\t\t\t<\/div>\n\t\t\t\t<\/div>\n\t\t\t\t<div class=\"elementor-element elementor-element-d4e785b elementor-widget elementor-widget-heading\" data-id=\"d4e785b\" data-element_type=\"widget\" data-e-type=\"widget\" data-widget_type=\"heading.default\">\n\t\t\t\t<div class=\"elementor-widget-container\">\n\t\t\t\t\t<h2 class=\"elementor-heading-title elementor-size-default\">Faire un don d\u2019entreprise<\/h2>\t\t\t\t<\/div>\n\t\t\t\t<\/div>\n\t\t\t\t<div class=\"elementor-element elementor-element-c60fa74 elementor-widget elementor-widget-text-editor\" data-id=\"c60fa74\" data-element_type=\"widget\" data-e-type=\"widget\" data-widget_type=\"text-editor.default\">\n\t\t\t\t<div class=\"elementor-widget-container\">\n\t\t\t\t\t\t\t\t\t<p data-start=\"677\" data-end=\"761\">Nous collaborons avec <a class=\"\" href=\"https:\/\/benevity.com\" rel=\"noopener\" data-start=\"501\" data-end=\"514\">Benevity<\/a>, une plateforme s\u00e9curis\u00e9e pour les dons en milieu de travail. Si votre organisation utilise Benevity, recherchez <strong data-start=\"603\" data-end=\"622\">Dignit\u00e9 mensuelle <\/strong>afin de v\u00e9rifier si votre don peut \u00eatre jumel\u00e9 par votre employeur.<\/p>\t\t\t\t\t\t\t\t<\/div>\n\t\t\t\t<\/div>\n\t\t\t\t<div class=\"elementor-element elementor-element-10cbc24 elementor-widget elementor-widget-heading\" data-id=\"10cbc24\" data-element_type=\"widget\" data-e-type=\"widget\" data-widget_type=\"heading.default\">\n\t\t\t\t<div class=\"elementor-widget-container\">\n\t\t\t\t\t<h2 class=\"elementor-heading-title elementor-size-default\">S\u2019impliquer concr\u00e8tement en \u00e9quipe<\/h2>\t\t\t\t<\/div>\n\t\t\t\t<\/div>\n\t\t\t\t<div class=\"elementor-element elementor-element-570a961 elementor-widget elementor-widget-text-editor\" data-id=\"570a961\" data-element_type=\"widget\" data-e-type=\"widget\" data-widget_type=\"text-editor.default\">\n\t\t\t\t<div class=\"elementor-widget-container\">\n\t\t\t\t\t\t\t\t\t<p>Vous souhaitez une fa\u00e7on plus interactive de soutenir l\u2019\u00e9quit\u00e9 menstruelle?<\/p><ul><li data-start=\"1032\" data-end=\"1069\"><p><strong data-start=\"892\" data-end=\"916\">Organiser une s\u00e9ance d\u2019emballage solidaire<\/strong>: Collectez des produits menstruels et invitez notre \u00e9quipe \u00e0 animer une pr\u00e9sentation sur l\u2019\u00e9quit\u00e9 menstruelle. Ensemble, vous pr\u00e9parerez des trousses de soins personnels \u00e0 remettre \u00e0 nos partenaires communautaires.<\/p><\/li><li data-start=\"1032\" data-end=\"1069\"><p><strong data-start=\"1134\" data-end=\"1157\">Lancer une collecte de produits<\/strong>: Installez une bo\u00eete de collecte dans votre lieu de travail pour recueillir des produits menstruels. Nous distribuerons vos dons \u00e0 notre r\u00e9seau de partenaires communautaires.<\/p><\/li><\/ul>\t\t\t\t\t\t\t\t<\/div>\n\t\t\t\t<\/div>\n\t\t\t\t<div class=\"elementor-element elementor-element-b3f9238 elementor-widget elementor-widget-text-editor\" data-id=\"b3f9238\" data-element_type=\"widget\" data-e-type=\"widget\" data-widget_type=\"text-editor.default\">\n\t\t\t\t<div class=\"elementor-widget-container\">\n\t\t\t\t\t\t\t\t\t<p>Si vous souhaitez nous soutenir, veuillez utiliser le formulaire en cliquant sur le bouton ci-dessous.<\/p>\t\t\t\t\t\t\t\t<\/div>\n\t\t\t\t<\/div>\n\t\t\t\t<div class=\"elementor-element elementor-element-1e0a5de elementor-widget elementor-widget-button\" data-id=\"1e0a5de\" data-element_type=\"widget\" data-e-type=\"widget\" data-widget_type=\"button.default\">\n\t\t\t\t<div class=\"elementor-widget-container\">\n\t\t\t\t\t\t\t\t\t<div class=\"elementor-button-wrapper\">\n\t\t\t\t\t<a class=\"elementor-button elementor-button-link elementor-size-sm\" href=\"https:\/\/monthlydignity.org\/fr\/fundraising\/\">\n\t\t\t\t\t\t<span class=\"elementor-button-content-wrapper\">\n\t\t\t\t\t\t\t\t\t<span class=\"elementor-button-text\">Contactez-nous<\/span>\n\t\t\t\t\t<\/span>\n\t\t\t\t\t<\/a>\n\t\t\t\t<\/div>\n\t\t\t\t\t\t\t\t<\/div>\n\t\t\t\t<\/div>\n\t\t\t\t<\/div>\n\t\t\t\t\t<\/div>\n\t\t\t\t<\/div>\n\t\t\t\t<\/div>","protected":false},"excerpt":{"rendered":"<p>Donate to fight period poverty Menstrual equity is about more than products\u2014it\u2019s about empowerment, respect, and opportunity. Your support helps ensure that people in our community have reliable access to [&hellip;]<\/p>\n","protected":false},"author":2,"featured_media":0,"parent":0,"menu_order":0,"comment_status":"closed","ping_status":"closed","template":"","meta":{"footnotes":""},"class_list":["post-189","page","type-page","status-publish","hentry"],"jetpack_sharing_enabled":true,"_links":{"self":[{"href":"https:\/\/monthlydignity.org\/fr\/wp-json\/wp\/v2\/pages\/189","targetHints":{"allow":["GET"]}}],"collection":[{"href":"https:\/\/monthlydignity.org\/fr\/wp-json\/wp\/v2\/pages"}],"about":[{"href":"https:\/\/monthlydignity.org\/fr\/wp-json\/wp\/v2\/types\/page"}],"author":[{"embeddable":true,"href":"https:\/\/monthlydignity.org\/fr\/wp-json\/wp\/v2\/users\/2"}],"replies":[{"embeddable":true,"href":"https:\/\/monthlydignity.org\/fr\/wp-json\/wp\/v2\/comments?post=189"}],"version-history":[{"count":25,"href":"https:\/\/monthlydignity.org\/fr\/wp-json\/wp\/v2\/pages\/189\/revisions"}],"predecessor-version":[{"id":2028,"href":"https:\/\/monthlydignity.org\/fr\/wp-json\/wp\/v2\/pages\/189\/revisions\/2028"}],"wp:attachment":[{"href":"https:\/\/monthlydignity.org\/fr\/wp-json\/wp\/v2\/media?parent=189"}],"curies":[{"name":"wp","href":"https:\/\/api.w.org\/{rel}","templated":true}]}}